{"id":2842,"date":"2022-02-18T00:57:32","date_gmt":"2022-02-17T21:57:32","guid":{"rendered":"https:\/\/www.kibrit.com.tr\/?post_type=product&#038;p=2842&#038;lang=tr"},"modified":"2022-11-26T02:48:03","modified_gmt":"2022-11-25T23:48:03","slug":"teknik-personel-kiralama-hizmeti","status":"publish","type":"product","link":"https:\/\/www.kibrit.com.tr\/tr\/product\/teknik-personel-kiralama-hizmeti\/","title":{"rendered":"Technical Person Support"},"content":{"rendered":"<p>Bu Hizmet paketi;<\/p>\n<p>1- T\u00fcrkiye s\u0131n\u0131rlar\u0131 i\u00e7erisini kapsamaktad\u0131r.<\/p>\n<p>2- Personelin Sorumluluklar\u0131;<\/p>\n<p>Projenizin hayata ge\u00e7irilebilmesi i\u00e7in gerekli foto\u011fraflar\u0131n \u00e7ekimi, ses kayd\u0131, video \u00e7ekimi ve d\u00f6k\u00fcmantasyonun i\u015flemlerinin y\u00fcr\u00fct\u00fclmesini kapsamakdad\u0131r.<\/p>\n<p>Personel Amac\u0131n\u0131n d\u0131\u015f\u0131nda de\u011ferlendirilemez. Personele g\u00f6revinin d\u0131\u015f\u0131ndan i\u015f y\u00fck\u00fc tan\u0131mlan\u0131ld\u0131\u011f\u0131nda, %20 ilave fatura kesilecektir.<\/p>\n<p>Yol, Yemek ve di\u011fer temel ihtiya\u00e7lar Kiralama hizmetini talep eden firma taraf\u0131ndan kar\u015f\u0131lanacakt\u0131r.<\/p>\n<p>3- Maksimum 8 Saat ile s\u0131n\u0131rl\u0131d\u0131r<\/p>\n<p>&nbsp;<\/p>\n","protected":false},"excerpt":{"rendered":"<p>Bu Hizmet paketi;<\/p>\n<p>1- T\u00fcrkiye s\u0131n\u0131rlar\u0131 i\u00e7erisini kapsamaktad\u0131r.<\/p>\n<p>2- Personelin Sorumluluklar\u0131;<\/p>\n<p>Projenizin hayata ge\u00e7irilebilmesi i\u00e7in gerekli foto\u011fraflar\u0131n \u00e7ekimi, ses kayd\u0131, video \u00e7ekimi ve d\u00f6k\u00fcmantasyonun i\u015flemlerinin y\u00fcr\u00fct\u00fclmesini kapsamakdad\u0131r.<\/p>\n<p>Personel Amac\u0131n\u0131n d\u0131\u015f\u0131nda de\u011ferlendirilemez. Personele g\u00f6revinin d\u0131\u015f\u0131ndan i\u015f y\u00fck\u00fc tan\u0131mlan\u0131ld\u0131\u011f\u0131nda, %20 ilave fatura kesilecektir.<\/p>\n<p>2- Maksimum 8 Saat ile s\u0131n\u0131rl\u0131d\u0131r<\/p>\n<p>&nbsp;<\/p>\n<p>Yol, Yemek ve di\u011fer temel ihtiya\u00e7lar Kiralama hizmetini talep eden firma taraf\u0131ndan kar\u015f\u0131lanacakt\u0131r.<\/p>\n<p>&nbsp;<\/p>\n<p>&nbsp;<\/p>\n","protected":false},"featured_media":2685,"comment_status":"closed","ping_status":"open","template":"","meta":[],"product_brand":[],"product_cat":[712],"product_tag":[],"class_list":{"0":"post-2842","1":"product","2":"type-product","3":"status-publish","4":"has-post-thumbnail","6":"product_cat-technical-person","8":"first","9":"instock","10":"sale","11":"taxable","12":"shipping-taxable","13":"purchasable","14":"product-type-simple"},"_links":{"self":[{"href":"https:\/\/www.kibrit.com.tr\/tr\/wp-json\/wp\/v2\/product\/2842","targetHints":{"allow":["GET"]}}],"collection":[{"href":"https:\/\/www.kibrit.com.tr\/tr\/wp-json\/wp\/v2\/product"}],"about":[{"href":"https:\/\/www.kibrit.com.tr\/tr\/wp-json\/wp\/v2\/types\/product"}],"replies":[{"embeddable":true,"href":"https:\/\/www.kibrit.com.tr\/tr\/wp-json\/wp\/v2\/comments?post=2842"}],"wp:featuredmedia":[{"embeddable":true,"href":"https:\/\/www.kibrit.com.tr\/tr\/wp-json\/wp\/v2\/media\/2685"}],"wp:attachment":[{"href":"https:\/\/www.kibrit.com.tr\/tr\/wp-json\/wp\/v2\/media?parent=2842"}],"wp:term":[{"taxonomy":"product_brand","embeddable":true,"href":"https:\/\/www.kibrit.com.tr\/tr\/wp-json\/wp\/v2\/product_brand?post=2842"},{"taxonomy":"product_cat","embeddable":true,"href":"https:\/\/www.kibrit.com.tr\/tr\/wp-json\/wp\/v2\/product_cat?post=2842"},{"taxonomy":"product_tag","embeddable":true,"href":"https:\/\/www.kibrit.com.tr\/tr\/wp-json\/wp\/v2\/product_tag?post=2842"}],"curies":[{"name":"wp","href":"https:\/\/api.w.org\/{rel}","templated":true}]}}